{"id":1218,"date":"2025-08-21T10:25:00","date_gmt":"2025-08-21T10:25:00","guid":{"rendered":"https:\/\/tandemglobalhr.com\/?page_id=1218"},"modified":"2025-09-15T11:45:12","modified_gmt":"2025-09-15T11:45:12","slug":"leave-us-your-cv","status":"publish","type":"page","link":"https:\/\/tandemglobalhr.com\/en\/dejanos-tu-cv\/","title":{"rendered":"Leave us your CV"},"content":{"rendered":"<div data-elementor-type=\"wp-page\" data-elementor-id=\"1218\" class=\"elementor elementor-1218\" data-elementor-post-type=\"page\">\n\t\t\t\t<div class=\"elementor-element elementor-element-bf9986f e-flex e-con-boxed e-con e-parent\" data-id=\"bf9986f\" data-element_type=\"container\" data-e-type=\"container\" data-settings=\"{&quot;background_background&quot;:&quot;classic&quot;}\">\n\t\t\t\t\t<div class=\"e-con-inner\">\n\t\t\t\t<div class=\"elementor-element elementor-element-a7d85dd elementor-widget__width-initial elementor-invisible elementor-widget elementor-widget-heading\" data-id=\"a7d85dd\" data-element_type=\"widget\" data-e-type=\"widget\" data-settings=\"{&quot;_animation&quot;:&quot;fadeInUp&quot;}\" data-widget_type=\"heading.default\">\n\t\t\t\t\t<h1 class=\"elementor-heading-title elementor-size-default\">Join our database<\/h1>\t\t\t\t<\/div>\n\t\t\t\t<div class=\"elementor-element elementor-element-a350857 elementor-icon-list--layout-inline elementor-align-center elementor-list-item-link-full_width elementor-widget elementor-widget-icon-list\" data-id=\"a350857\" data-element_type=\"widget\" data-e-type=\"widget\" data-widget_type=\"icon-list.default\">\n\t\t\t\t\t\t\t<ul class=\"elementor-icon-list-items elementor-inline-items\">\n\t\t\t\t\t\t\t<li class=\"elementor-icon-list-item elementor-inline-item\">\n\t\t\t\t\t\t\t\t\t\t\t<a href=\"https:\/\/tandemglobalhr.com\/en\">\n\n\t\t\t\t\t\t\t\t\t\t\t<span class=\"elementor-icon-list-text\">Start -<\/span>\n\t\t\t\t\t\t\t\t\t\t\t<\/a>\n\t\t\t\t\t\t\t\t\t<\/li>\n\t\t\t\t\t\t\t\t<li class=\"elementor-icon-list-item elementor-inline-item\">\n\t\t\t\t\t\t\t\t\t\t<span class=\"elementor-icon-list-text\">Leave us your CV<\/span>\n\t\t\t\t\t\t\t\t\t<\/li>\n\t\t\t\t\t\t<\/ul>\n\t\t\t\t\t\t<\/div>\n\t\t\t\t\t<\/div>\n\t\t\t\t<\/div>\n\t\t<div class=\"elementor-element elementor-element-cfafdb3 e-flex e-con-boxed e-con e-parent\" data-id=\"cfafdb3\" data-element_type=\"container\" data-e-type=\"container\" data-settings=\"{&quot;background_background&quot;:&quot;classic&quot;}\">\n\t\t\t\t\t<div class=\"e-con-inner\">\n\t\t\t\t<div class=\"elementor-element elementor-element-ce3e7a1 elementor-widget__width-inherit elementor-invisible elementor-widget elementor-widget-text-editor\" data-id=\"ce3e7a1\" data-element_type=\"widget\" data-e-type=\"widget\" data-settings=\"{&quot;_animation&quot;:&quot;fadeInUp&quot;}\" data-widget_type=\"text-editor.default\">\n\t\t\t\t\t\t\t\t\t<p>Leave your resume and contact information, and we&#039;ll contact you when we have a job offer that fits your profile.<\/p>\t\t\t\t\t\t\t\t<\/div>\n\t\t\t\t<div class=\"elementor-element elementor-element-9b78efc elementor-widget elementor-widget-jet-engine-booking-form\" data-id=\"9b78efc\" data-element_type=\"widget\" data-e-type=\"widget\" data-widget_type=\"jet-engine-booking-form.default\">\n\t\t\t\t<div class=\"elementor-widget-container\">\n\t\t\t\t\t<form  class=\"jet-form layout-column submit-type-ajax\" action=\"\/en\/wp-json\/wp\/v2\/pages\/1218?jet_engine_action=book&#038;nocache=1776321047\" method=\"POST\" data-form-id=\"963\" data-trp-original-action=\"\/en\/wp-json\/wp\/v2\/pages\/1218?jet_engine_action=book&#038;nocache=1776321047\"><input class=\"jet-form__field hidden-field\" type=\"hidden\" name=\"_jet_engine_booking_form_id\" value=\"963\" data-field-name=\"_jet_engine_booking_form_id\"><input class=\"jet-form__field hidden-field\" type=\"hidden\" name=\"_jet_engine_refer\" value=\"https:\/\/tandemglobalhr.com\/en\/wp-json\/wp\/v2\/pages\/1218\" data-field-name=\"_jet_engine_refer\"><div  class=\"jet-form-row jet-form-row--hidden\"><div class=\"jet-form-col jet-form-col-12  field-type-hidden  jet-form-field-container\" data-field=\"Oferta de trabajo\" data-conditional=\"false\"><input class=\"jet-form__field hidden-field\" type=\"hidden\" name=\"Oferta de trabajo\" value=\"D\u00e9janos tu CV\" data-field-name=\"Oferta de trabajo\"><\/div><\/div><div  class=\"jet-form-row jet-form-row--first-visible\"><div class=\"jet-form-col jet-form-col-6  field-type-text  jet-form-field-container\" data-field=\"nombre\" data-conditional=\"false\"><div class=\"jet-form__label\">\n\t<span class=\"jet-form__label-text\" >Full name<span class=\"jet-form__required\">*<\/span><\/span>\n\t<\/div><input class=\"jet-form__field text-field\" placeholder=\"Full name\" value=\"\" required=\"required\" name=\"nombre\" id=\"nombre\" type=\"text\" data-field-name=\"nombre\"><\/div><div class=\"jet-form-col jet-form-col-6  field-type-text  jet-form-field-container\" data-field=\"email\" data-conditional=\"false\"><div class=\"jet-form__label\">\n\t<span class=\"jet-form__label-text\" >Email<span class=\"jet-form__required\">*<\/span><\/span>\n\t<\/div><input class=\"jet-form__field text-field\" placeholder=\"Email\" value=\"\" required=\"required\" name=\"email\" id=\"email\" type=\"email\" data-field-name=\"email\"><\/div><\/div><div  class=\"jet-form-row\"><div class=\"jet-form-col jet-form-col-6  field-type-text  jet-form-field-container\" data-field=\"telefono\" data-conditional=\"false\"><div class=\"jet-form__label\">\n\t<span class=\"jet-form__label-text\" >Phone number<\/span>\n\t<\/div><input class=\"jet-form__field text-field\" placeholder=\"Phone number\" value=\"\" name=\"telefono\" id=\"telefono\" type=\"tel\" data-field-name=\"telefono\"><\/div><div class=\"jet-form-col jet-form-col-6  field-type-text  jet-form-field-container\" data-field=\"profesion\" data-conditional=\"false\"><div class=\"jet-form__label\">\n\t<span class=\"jet-form__label-text\" >Profession<\/span>\n\t<\/div><input class=\"jet-form__field text-field\" placeholder=\"Profession\" value=\"\" name=\"profesion\" id=\"profesion\" type=\"text\" data-field-name=\"profesion\"><\/div><\/div><div  class=\"jet-form-row\"><div class=\"jet-form-col jet-form-col-12  field-type-text  jet-form-field-container\" data-field=\"linkedin\" data-conditional=\"false\"><div class=\"jet-form__label\">\n\t<span class=\"jet-form__label-text\" >LinKedin&#039;s Profile<\/span>\n\t<\/div><input class=\"jet-form__field text-field\" placeholder=\"LinKedin&#039;s Profile\" value=\"\" name=\"linkedin\" id=\"linkedin\" type=\"text\" data-field-name=\"linkedin\"><\/div><\/div><div  class=\"jet-form-row\"><div class=\"jet-form-col jet-form-col-12  field-type-media  jet-form-field-container\" data-field=\"Subir CV\" data-conditional=\"false\"><div class=\"jet-form__label\">\n\t<span class=\"jet-form__label-text\" >Upload CV<span class=\"jet-form__required\">*<\/span><\/span>\n\t<\/div><div class=\"jet-engine-file-upload\">\n\t<div class=\"jet-engine-file-upload__content\">\n\t\t<div class=\"jet-engine-file-upload__loader\"><svg xmlns=\"http:\/\/www.w3.org\/2000\/svg\" width=\"38\" height=\"38\" viewbox=\"0 0 38 38\" stroke=\"#fff\"><g fill=\"none\" fill-rule=\"evenodd\"><g transform=\"translate(1 1)\" stroke-width=\"2\"><circle stroke-opacity=\".5\" cx=\"18\" cy=\"18\" r=\"18\"\/><path d=\"M36 18c0-9.94-8.06-18-18-18\" transform=\"rotate(137.826 18 18)\"><animatetransform attributename=\"transform\" type=\"rotate\" from=\"0 18 18\" to=\"360 18 18\" dur=\"1s\" repeatcount=\"indefinite\"\/><\/path><\/g><\/g><\/svg><\/div>\t\t<div class=\"jet-engine-file-upload__files\"  data-args=\"{&quot;max_files&quot;:1,&quot;insert_attachment&quot;:false,&quot;value_format&quot;:&quot;url&quot;}\"><\/div>\n\t<\/div>\n\t<div class=\"jet-engine-file-upload__fields\">\n\t\t<input class=\"jet-form__field jet-engine-file-upload__value\" type=\"hidden\" name=\"Subir CV\" data-field-name=\"Subir CV\" value=\"\" required=\"required\">\n\t\t<input class=\"jet-form__field file-field jet-engine-file-upload__input\" name=\"Subir CV_input\" type=\"file\" data-form_id=\"963\" data-field=\"Subir CV\" id=\"Subir CV\" accept=\"image\/jpeg,image\/png,image\/webp,application\/pdf,application\/msword\" data-max_size=\"2097152\">\n\t<\/div>\n\t<div class=\"jet-engine-file-upload__message\"><small>Maximum file size: 2 MB<\/small><\/div>\n\t<div class=\"jet-engine-file-upload__errors is-hidden\"><\/div>\n<\/div><\/div><\/div><div  class=\"jet-form-row\"><div class=\"jet-form-col jet-form-col-12  field-type-textarea  jet-form-field-container\" data-field=\"Mensaje\" data-conditional=\"false\"><div class=\"jet-form__label\">\n\t<span class=\"jet-form__label-text\" >Message<\/span>\n\t<\/div><textarea class=\"jet-form__field textarea-field\" placeholder=\"Message\" name=\"Mensaje\" data-field-name=\"Mensaje\" id=\"Mensaje\"><\/textarea><\/div><\/div><div  class=\"jet-form-row\"><div class=\"jet-form-col jet-form-col-12  field-type-checkboxes  jet-form-field-container\" data-field=\"acepta-politicas\" data-conditional=\"false\"><div class=\"jet-form__fields-group checkradio-wrap\">\t\t<div class=\"jet-form__field-wrap checkboxes-wrap checkradio-wrap\">\n\t\t\t\t\t\t<label class=\"jet-form__field-label\">\n\t\t\t\t<input\n\t\t\t\t\ttype=\"checkbox\"\n\t\t\t\t\tname=\"acepta-politicas\"\n\t\t\t\t\tclass=\"jet-form__field checkboxes-field checkradio-field checkboxes-required\"\n\t\t\t\t\tvalue=\"acepta politicas\"\n\t\t\t\t\tdata-field-name=\"acepta-politicas\"\n\t\t\t\t\t\t\t\t\t\trequired=\"required\"\t\t\t\t\t\t\t\t\t>\n\t\t\t\tI have read and accept the <a href=\"\/en\/privacy-policy\/\" target=\"_blank\"> Privacy Policy<\/a>\t\t\t<\/label>\n\t\t<\/div>\n\t\t<\/div><\/div><\/div><div  class=\"jet-form-row jet-form-row--submit\"><div class=\"jet-form-col jet-form-col-12  field-type-submit  jet-form-field-container\" data-field=\"Submit\" data-conditional=\"false\"><div class=\"jet-form__submit-wrap\">\n\t\t<button class=\"jet-form__submit submit-type-ajax\" type=\"button\">Send CV<\/button>\n<\/div><\/div><\/div><input class=\"jet-form__field hidden-field\" type=\"hidden\" name=\"_jet_engine_nonce\" value=\"2762112538\" data-field-name=\"_jet_engine_nonce\"><input type=\"hidden\" name=\"trp-form-language\" value=\"en\"\/><\/form><div class=\"jet-form-messages-wrap\" data-form-id=\"963\"><\/div>\t\t\t\t<\/div>\n\t\t\t\t<\/div>\n\t\t\t\t\t<\/div>\n\t\t\t\t<\/div>\n\t\t\t\t<\/div>","protected":false},"excerpt":{"rendered":"<p>\u00danete a nuestra base de datos Inicio &#8211; Deje su curr\u00edculum y datos de contacto, y nos pondremos en contacto con usted cuando tengamos una oferta que se ajuste a su perfil. Nombre completo* Correo electr\u00f3nico* N\u00famero de tel\u00e9fono Profesi\u00f3n Perfil de LinKedin Subir CV* Maximum file size: 2 MB Mensaje He le\u00eddo y acepto [&hellip;]<\/p>\n","protected":false},"author":1,"featured_media":0,"parent":0,"menu_order":0,"comment_status":"closed","ping_status":"closed","template":"","meta":{"footnotes":""},"class_list":["post-1218","page","type-page","status-publish","hentry"],"_links":{"self":[{"href":"https:\/\/tandemglobalhr.com\/en\/wp-json\/wp\/v2\/pages\/1218","targetHints":{"allow":["GET"]}}],"collection":[{"href":"https:\/\/tandemglobalhr.com\/en\/wp-json\/wp\/v2\/pages"}],"about":[{"href":"https:\/\/tandemglobalhr.com\/en\/wp-json\/wp\/v2\/types\/page"}],"author":[{"embeddable":true,"href":"https:\/\/tandemglobalhr.com\/en\/wp-json\/wp\/v2\/users\/1"}],"replies":[{"embeddable":true,"href":"https:\/\/tandemglobalhr.com\/en\/wp-json\/wp\/v2\/comments?post=1218"}],"version-history":[{"count":19,"href":"https:\/\/tandemglobalhr.com\/en\/wp-json\/wp\/v2\/pages\/1218\/revisions"}],"predecessor-version":[{"id":1582,"href":"https:\/\/tandemglobalhr.com\/en\/wp-json\/wp\/v2\/pages\/1218\/revisions\/1582"}],"wp:attachment":[{"href":"https:\/\/tandemglobalhr.com\/en\/wp-json\/wp\/v2\/media?parent=1218"}],"curies":[{"name":"wp","href":"https:\/\/api.w.org\/{rel}","templated":true}]}}